{"id":1869,"date":"2022-01-19T13:06:31","date_gmt":"2022-01-19T13:06:31","guid":{"rendered":"http:\/\/elenilioli.com\/familiengesetz\/"},"modified":"2022-01-19T13:06:33","modified_gmt":"2022-01-19T13:06:33","slug":"familiengesetz","status":"publish","type":"page","link":"https:\/\/elenilioli.com\/de\/familiengesetz\/","title":{"rendered":"Familiengesetz"},"content":{"rendered":"\n<div class=\"wp-block-cover alignfull has-neve-text-color-background-color has-background-dim\"><img decoding=\"async\" loading=\"lazy\" width=\"2560\" height=\"1707\" class=\"wp-block-cover__image-background wp-image-1029\" alt=\"\" src=\"http:\/\/elenilioli.com\/wp-content\/uploads\/2021\/12\/gabrielle-henderson-HJckKnwCXxQ-unsplash-scaled.jpg\" style=\"object-position:52% 43%\" data-object-fit=\"cover\" data-object-position=\"52% 43%\" srcset=\"https:\/\/elenilioli.com\/wp-content\/uploads\/2021\/12\/gabrielle-henderson-HJckKnwCXxQ-unsplash-scaled.jpg 2560w, https:\/\/elenilioli.com\/wp-content\/uploads\/2021\/12\/gabrielle-henderson-HJckKnwCXxQ-unsplash-300x200.jpg 300w, https:\/\/elenilioli.com\/wp-content\/uploads\/2021\/12\/gabrielle-henderson-HJckKnwCXxQ-unsplash-1024x683.jpg 1024w, https:\/\/elenilioli.com\/wp-content\/uploads\/2021\/12\/gabrielle-henderson-HJckKnwCXxQ-unsplash-768x512.jpg 768w, https:\/\/elenilioli.com\/wp-content\/uploads\/2021\/12\/gabrielle-henderson-HJckKnwCXxQ-unsplash-1536x1024.jpg 1536w, https:\/\/elenilioli.com\/wp-content\/uploads\/2021\/12\/gabrielle-henderson-HJckKnwCXxQ-unsplash-2048x1365.jpg 2048w, https:\/\/elenilioli.com\/wp-content\/uploads\/2021\/12\/gabrielle-henderson-HJckKnwCXxQ-unsplash-930x620.jpg 930w\" sizes=\"(max-width: 2560px) 100vw, 2560px\" \/><div class=\"wp-block-cover__inner-container\">\n<h2 class=\"has-text-align-center has-nv-site-bg-color has-text-color\">Familiengesetz<\/h2>\n<\/div><\/div>\n\n<section class=\"wp-block-themeisle-blocks-advanced-columns alignfull has-2-columns has-desktop-equal-layout has-tablet-equal-layout has-mobile-collapsedRows-layout has-wide-gap has-vertical-flex-start\" id=\"wp-block-themeisle-blocks-advanced-columns-72069484\"><div class=\"wp-block-themeisle-blocks-advanced-columns-overlay\"><\/div><div class=\"innerblocks-wrap\">\n<div class=\"wp-block-themeisle-blocks-advanced-column\" id=\"wp-block-themeisle-blocks-advanced-column-cc9c3062\">\n<p><strong>Vertrauen Sie uns, wenn es um Ihre Familienangelegenheiten geht<\/strong><\/p>\n\n\n\n<p>Das Familienrecht betrifft einige der pers\u00f6nlichsten Aspekte des Lebens. <\/p>\n\n\n\n<p class=\"has-text-align-left\">Unsere Kanzlei kennt sich in allen Bereichen des Familienrechts aus und versteht, dass die Herangehensweise an diese Themen sehr emotional sein kann. Wir tun unser Bestes, um Ihren Fall mit Empathie zu behandeln und gleichzeitig sicherzustellen, dass Sie und Ihre Rechte gut gesch\u00fctzt sind.<\/p>\n\n\n\n<p><strong>Kontaktieren Sie uns, um Ihren Fall zu besprechen und wie wir Ihnen helfen k\u00f6nnen.<\/strong><\/p>\n<\/div>\n\n\n\n<div class=\"wp-block-themeisle-blocks-advanced-column\" id=\"wp-block-themeisle-blocks-advanced-column-a14188f3\"><div class=\"frm_forms  with_frm_style frm_style_formidable-style\" id=\"frm_form_2_container\" >\n<form enctype=\"multipart\/form-data\" method=\"post\" class=\"frm-show-form \" id=\"form_contact-us\"  >\n<div class=\"frm_form_fields \">\n<fieldset>\n<legend class=\"frm_screen_reader\">Contact Us<\/legend>\r\n\r\n<div class=\"frm_fields_container\">\n<input type=\"hidden\" name=\"frm_action\" value=\"create\" \/>\n<input type=\"hidden\" name=\"form_id\" value=\"2\" \/>\n<input type=\"hidden\" name=\"frm_hide_fields_2\" id=\"frm_hide_fields_2\" value=\"\" \/>\n<input type=\"hidden\" name=\"form_key\" value=\"contact-us\" \/>\n<input type=\"hidden\" name=\"item_meta[0]\" value=\"\" \/>\n<input type=\"hidden\" id=\"frm_submit_entry_2\" name=\"frm_submit_entry_2\" value=\"81b9218ea9\" \/><input type=\"hidden\" name=\"_wp_http_referer\" value=\"\/de\/wp-json\/wp\/v2\/pages\/1869\" \/><div id=\"frm_field_6_container\" class=\"frm_form_field form-field  frm_required_field frm_top_container frm12 frm_first\">\r\n    <label for=\"field_qh4icy2\" id=\"field_qh4icy2_label\" class=\"frm_primary_label\">Name\r\n        <span class=\"frm_required\" aria-hidden=\"true\">*<\/span>\r\n    <\/label>\r\n    <input type=\"text\" id=\"field_qh4icy2\" name=\"item_meta[6]\" value=\"\"  placeholder=\"E.g. John Doe\" data-reqmsg=\"This field cannot be blank.\" aria-required=\"true\" data-invmsg=\"Name is invalid\" aria-invalid=\"false\"   aria-describedby=\"frm_desc_field_qh4icy2\"\/>\r\n    <div class=\"frm_description\" id=\"frm_desc_field_qh4icy2\">First<\/div>\r\n    \r\n<\/div>\n<div id=\"frm_field_8_container\" class=\"frm_form_field form-field  frm_required_field frm_top_container frm12\">\r\n    <label for=\"field_29yf4d2\" id=\"field_29yf4d2_label\" class=\"frm_primary_label\">Email\r\n        <span class=\"frm_required\" aria-hidden=\"true\">*<\/span>\r\n    <\/label>\r\n    <input type=\"email\" id=\"field_29yf4d2\" name=\"item_meta[8]\" value=\"\"  placeholder=\"E.g. john@doe.com\" data-reqmsg=\"This field cannot be blank.\" aria-required=\"true\" data-invmsg=\"Please enter a valid email address\" aria-invalid=\"false\"  \/>\r\n    \r\n    \r\n<\/div>\n<div id=\"frm_field_9_container\" class=\"frm_form_field form-field  frm_required_field frm_top_container frm_full\">\r\n    <label for=\"field_e6lis62\" id=\"field_e6lis62_label\" class=\"frm_primary_label\">Subject\r\n        <span class=\"frm_required\" aria-hidden=\"true\">*<\/span>\r\n    <\/label>\r\n    <input type=\"text\" id=\"field_e6lis62\" name=\"item_meta[9]\" value=\"\"  placeholder=\"The reason you are reaching out\" data-reqmsg=\"This field cannot be blank.\" aria-required=\"true\" data-invmsg=\"Subject is invalid\" aria-invalid=\"false\"  \/>\r\n    \r\n    \r\n<\/div>\n<div id=\"frm_field_10_container\" class=\"frm_form_field form-field  frm_required_field frm_top_container frm_full\">\r\n    <label for=\"field_9jv0r12\" id=\"field_9jv0r12_label\" class=\"frm_primary_label\">Message\r\n        <span class=\"frm_required\" aria-hidden=\"true\">*<\/span>\r\n    <\/label>\r\n    <textarea name=\"item_meta[10]\" id=\"field_9jv0r12\" rows=\"5\"  placeholder=\"Tell us a bit about your case..\" data-reqmsg=\"This field cannot be blank.\" aria-required=\"true\" data-invmsg=\"Message ist ung\u00fcltig\" aria-invalid=\"false\"  ><\/textarea>\r\n    \r\n    \r\n<\/div>\n\t<input type=\"hidden\" name=\"item_key\" value=\"\" \/>\n\t\t\t\t<div class=\"frm_verify\" aria-hidden=\"true\">\n\t\t\t\t<label for=\"frm_email_2\">\n\t\t\t\t\tFalls Du menschlich bist, lasse dieses Feld leer.\t\t\t\t<\/label>\n\t\t\t\t<input type=\"text\" class=\"frm_verify\" id=\"frm_email_2\" name=\"frm_verify\" value=\"\"  \/>\n\t\t\t<\/div>\n\t\t<div class=\"frm_submit\">\r\n\r\n<button class=\"frm_button_submit\" type=\"submit\"  >Send message<\/button>\r\n\r\n<\/div><\/div>\n<\/fieldset>\n<\/div>\n<\/form>\n<\/div>\n\n<\/div>\n<\/div><\/section>\n\n<div class=\"wp-block-themeisle-blocks-advanced-columns alignfull has-1-columns has-desktop-equal-layout has-tablet-equal-layout has-mobile-equal-layout has-default-gap has-vertical-unset\" id=\"wp-block-themeisle-blocks-advanced-columns-0025b3ee\"><div class=\"wp-block-themeisle-blocks-advanced-columns-overlay\"><\/div><div class=\"innerblocks-wrap\">\n<div class=\"wp-block-themeisle-blocks-advanced-column\" id=\"wp-block-themeisle-blocks-advanced-column-6d792b2e\">\n<h2 class=\"has-text-align-center has-nv-site-bg-color has-text-color\">Praxisbereiche<\/h2>\n<\/div>\n<\/div><\/div>\n\n<div class=\"wp-block-themeisle-blocks-advanced-columns has-1-columns has-desktop-equal-layout has-tablet-equal-layout has-mobile-equal-layout has-default-gap has-vertical-unset\" id=\"wp-block-themeisle-blocks-advanced-columns-dc4b8275\"><div class=\"wp-block-themeisle-blocks-advanced-columns-overlay\"><\/div><div class=\"innerblocks-wrap\">\n<div class=\"wp-block-themeisle-blocks-advanced-column\" id=\"wp-block-themeisle-blocks-advanced-column-1c9494f5\">\n<div class=\"wp-block-image\"><figure class=\"aligncenter size-full is-resized\"><img decoding=\"async\" loading=\"lazy\" src=\"http:\/\/elenilioli.com\/wp-content\/uploads\/2021\/12\/arrow-removebg-preview.png\" alt=\"\" class=\"wp-image-1064\" width=\"274\" height=\"274\" srcset=\"https:\/\/elenilioli.com\/wp-content\/uploads\/2021\/12\/arrow-removebg-preview.png 500w, https:\/\/elenilioli.com\/wp-content\/uploads\/2021\/12\/arrow-removebg-preview-300x300.png 300w, https:\/\/elenilioli.com\/wp-content\/uploads\/2021\/12\/arrow-removebg-preview-150x150.png 150w\" sizes=\"(max-width: 274px) 100vw, 274px\" \/><\/figure><\/div>\n<\/div>\n<\/div><\/div>\n\n<section class=\"wp-block-themeisle-blocks-advanced-columns alignfull has-1-columns has-desktop-equal-layout has-tablet-equal-layout has-mobile-equal-layout has-nogap-gap has-vertical-flex-start\" id=\"wp-block-themeisle-blocks-advanced-columns-7d8dadf6\"><div class=\"wp-block-themeisle-blocks-advanced-columns-overlay\"><\/div><div class=\"innerblocks-wrap\">\n<div class=\"wp-block-themeisle-blocks-advanced-column\" id=\"wp-block-themeisle-blocks-advanced-column-9d665af4\">\n<section class=\"wp-block-themeisle-blocks-advanced-columns has-2-columns has-desktop-equal-layout has-tablet-equal-layout has-mobile-collapsedRows-layout has-nogap-gap has-vertical-flex-start\" id=\"wp-block-themeisle-blocks-advanced-columns-6fafc276\"><div class=\"wp-block-themeisle-blocks-advanced-columns-overlay\"><\/div><div class=\"innerblocks-wrap\">\n<div class=\"wp-block-themeisle-blocks-advanced-column\" id=\"wp-block-themeisle-blocks-advanced-column-94ea3aed\">\n<h3 class=\"has-text-align-left ticss-56dbfffa\">Scheidung &amp; rechtliche Trennung<\/h3>\n\n\n\n<p class=\"has-text-align-left\">Eine Scheidung oder rechtliche Trennung kann emotional belastend sein. Neben der Aufl\u00f6sung der Ehe unterst\u00fctzen wir Sie bei der Erledigung weiterer Angelegenheiten, wie zum Beispiel:<\/p>\n\n\n\n<ul><li>Verm\u00f6gens- und Finanzausgleich<\/li><li>Unterhalt \/ Ehegattenunterhalt<\/li><li>Kindesunterhalt<\/li><li>Sorgerecht<\/li><li>Besuchs-\/Elternzeit<\/li><li>Anerkennung ausl\u00e4ndischer Scheidungen<\/li><\/ul>\n<\/div>\n\n\n\n<div class=\"wp-block-themeisle-blocks-advanced-column\" id=\"wp-block-themeisle-blocks-advanced-column-5088d17d\">\n<h3 class=\"has-text-align-left ticss-30ee8941\">Griechisches Erbrecht<\/h3>\n\n\n\n<p class=\"has-text-align-left\">Wir helfen Ihnen dabei, dass Ihr Verm\u00f6gen und Ihre Gesundheit nach Ihren W\u00fcnschen behandelt werden. <\/p>\n\n\n\n<p class=\"has-text-align-left\">Unser B\u00fcro kann Ihnen bei der Erstellung Ihres Testaments, einer Vollmacht (ein Dokument, das jemandem, der in Ihrem Namen handelt, einen Rechtsstatus verleiht), einer Patientenverf\u00fcgung (schriftliche Erkl\u00e4rung mit detaillierten Anweisungen zur zuk\u00fcnftigen medizinischen Behandlung) behilflich sein.<\/p>\n\n\n\n<p class=\"has-text-align-left\">Wenn Sie ein Familienmitglied verloren haben, unterst\u00fctzen wir Sie beim gesamten Prozess der Erbschaftsanmeldung, einschlie\u00dflich der Pr\u00fcfung der Existenz eines Testaments, der Durchf\u00fchrung von Titelrecherchen, dem Auffinden des Verm\u00f6gens des Verstorbenen und der Anerkennung eines ausl\u00e4ndischen Testaments.<\/p>\n<\/div>\n<\/div><\/section>\n\n\n\n<section class=\"wp-block-themeisle-blocks-advanced-columns has-3-columns has-desktop-equal-layout has-tablet-equal-layout has-mobile-collapsedRows-layout has-nogap-gap has-vertical-flex-start\" id=\"wp-block-themeisle-blocks-advanced-columns-3760fb5b\"><div class=\"wp-block-themeisle-blocks-advanced-columns-overlay\"><\/div><div class=\"innerblocks-wrap\">\n<div class=\"wp-block-themeisle-blocks-advanced-column\" id=\"wp-block-themeisle-blocks-advanced-column-f47627a2\">\n<h3 class=\"has-text-align-left ticss-ef601aa2\">H\u00e4usliche Gewalt <\/h3>\n\n\n\n<p class=\"has-text-align-left\">Wenden Sie sich an uns, um Ihre gesetzlichen Rechte und die Schritte zu besprechen, die wir unternehmen k\u00f6nnen, um Sie und Ihre Familie zu sch\u00fctzen, einschlie\u00dflich der Ausstellung einer einstweiligen Verf\u00fcgung gegen Ihren Missbraucher.<\/p>\n<\/div>\n\n\n\n<div class=\"wp-block-themeisle-blocks-advanced-column\" id=\"wp-block-themeisle-blocks-advanced-column-4f035fc2\">\n<h3 class=\"has-text-align-left ticss-30ee8941\">Vertretung in Gerichtsverfahren<\/h3>\n\n\n\n<p class=\"has-text-align-left\">In F\u00e4llen, in denen Familienstreitigkeiten vor Gericht gehen, bieten wir Prozessdienstleistungen an, um Ihre Rechte vor Gericht zu vertreten und zu sch\u00fctzen.<\/p>\n<\/div>\n\n\n\n<div class=\"wp-block-themeisle-blocks-advanced-column\" id=\"wp-block-themeisle-blocks-advanced-column-cd6b5b29\">\n<h3 class=\"has-text-align-left ticss-743e90ca\">Adoptionsverfahren<\/h3>\n\n\n\n<p class=\"has-text-align-left\">Der Adoptionsprozess kann sehr komplex, langwierig und stressig sein. Unser Ziel ist es, die Komplexit\u00e4t daraus zu beseitigen, indem wir Beratung und Vertretung in allen rechtlichen Angelegenheiten anbieten, die zu einer erfolgreichen Adoption f\u00fchren.<\/p>\n\n\n\n<p class=\"has-text-align-left\"><\/p>\n<\/div>\n<\/div><\/section>\n<\/div>\n<\/div><\/section>\n\n<div class=\"wp-block-themeisle-blocks-advanced-columns alignfull has-3-columns has-desktop-equal-layout has-tablet-equal-layout has-mobile-collapsedRows-layout has-wide-gap has-vertical-center\" id=\"wp-block-themeisle-blocks-advanced-columns-4e4350bc\"><div class=\"wp-block-themeisle-blocks-advanced-columns-overlay\"><\/div><div class=\"innerblocks-wrap\">\n<div class=\"wp-block-themeisle-blocks-advanced-column\" id=\"wp-block-themeisle-blocks-advanced-column-35a73a1f\">\n<div class=\"wp-block-themeisle-blocks-service\">\n<p class=\"wp-block-themeisle-blocks-font-awesome-icons\" id=\"wp-block-themeisle-blocks-font-awesome-icons-0cf61135\"><span class=\"wp-block-themeisle-blocks-font-awesome-icons-container\"><i class=\"fas fa-phone\"><\/i><\/span><\/p>\n\n\n\n<h3 id=\"wp-block-themeisle-blocks-advanced-heading-d482181b\" class=\"wp-block-themeisle-blocks-advanced-heading wp-block-themeisle-blocks-advanced-heading-d482181b\">Rufen Sie uns an<\/h3>\n\n\n\n<p class=\"has-text-align-center\">(+30) 6937 808 741 | 2810 333 554<\/p>\n<\/div>\n<\/div>\n\n\n\n<div class=\"wp-block-themeisle-blocks-advanced-column\" id=\"wp-block-themeisle-blocks-advanced-column-9118a7af\">\n<p class=\"wp-block-themeisle-blocks-font-awesome-icons\" id=\"wp-block-themeisle-blocks-font-awesome-icons-17813e0b\"><span class=\"wp-block-themeisle-blocks-font-awesome-icons-container\"><i class=\"fas fa-envelope\"><\/i><\/span><\/p>\n\n\n\n<h3 id=\"wp-block-themeisle-blocks-advanced-heading-a2dbd118\" class=\"wp-block-themeisle-blocks-advanced-heading wp-block-themeisle-blocks-advanced-heading-a2dbd118\">Email<\/h3>\n\n\n\n<p class=\"has-text-align-center\"><a href=\"mailto:info@elenilioli.com\">info@elenilioli.com<\/a><\/p>\n<\/div>\n\n\n\n<div class=\"wp-block-themeisle-blocks-advanced-column\" id=\"wp-block-themeisle-blocks-advanced-column-5f8cf269\">\n<p class=\"wp-block-themeisle-blocks-font-awesome-icons\" id=\"wp-block-themeisle-blocks-font-awesome-icons-2980f898\"><span class=\"wp-block-themeisle-blocks-font-awesome-icons-container\"><i class=\"fas fa-map-marker-alt\"><\/i><\/span><\/p>\n\n\n\n<h3 id=\"wp-block-themeisle-blocks-advanced-heading-da2a5d36\" class=\"wp-block-themeisle-blocks-advanced-heading wp-block-themeisle-blocks-advanced-heading-da2a5d36\">Ort<\/h3>\n\n\n\n<p class=\"has-text-align-center\"><a href=\"https:\/\/goo.gl\/maps\/BudcP8wk6wVQbhBB6\" data-type=\"URL\" data-id=\"https:\/\/goo.gl\/maps\/BudcP8wk6wVQbhBB6\" target=\"_blank\" rel=\"noreferrer noopener\">Pl. El. Venizelou 15, Heraklion 712 02<\/a><\/p>\n<\/div>\n<\/div><\/div>\n\n<div class=\"wp-block-themeisle-blocks-advanced-columns alignfull has-1-columns has-desktop-equal-layout has-tablet-equal-layout has-mobile-equal-layout has-default-gap has-vertical-unset\" id=\"wp-block-themeisle-blocks-advanced-columns-17becbab\"><div class=\"wp-block-themeisle-blocks-advanced-columns-overlay\"><\/div><div class=\"innerblocks-wrap\">\n<div class=\"wp-block-themeisle-blocks-advanced-column\" id=\"wp-block-themeisle-blocks-advanced-column-a4e45834\">\n<iframe src=\"https:\/\/www.google.com\/maps\/embed?pb=!1m18!1m12!1m3!1d3254.668649775297!2d25.130853815284993!3d35.33904888027555!2m3!1f0!2f0!3f0!3m2!1i1024!2i768!4f13.1!3m3!1m2!1s0x149a5be56484eb97%3A0x2b6b5e5173cf11cd!2sEleni%20Lioli%20Law%20Office!5e0!3m2!1sen!2sgr!4v1638181051292!5m2!1sen!2sgr\" width=\"100%\" height=\"250\" style=\"border:0;\" allowfullscreen=\"\" loading=\"lazy\"><\/iframe>\n<\/div>\n<\/div><\/div>\n","protected":false},"excerpt":{"rendered":"","protected":false},"author":1,"featured_media":0,"parent":0,"menu_order":0,"comment_status":"closed","ping_status":"closed","template":"page-templates\/template-pagebuilder-full-width.php","meta":{"_monsterinsights_skip_tracking":false,"_monsterinsights_sitenote_active":false,"_monsterinsights_sitenote_note":"","_monsterinsights_sitenote_category":0,"neve_meta_sidebar":"","neve_meta_container":"","neve_meta_enable_content_width":"","neve_meta_content_width":0,"neve_meta_title_alignment":"","neve_meta_author_avatar":"","neve_post_elements_order":"","neve_meta_disable_header":"","neve_meta_disable_footer":"","neve_meta_disable_title":"","_themeisle_gutenberg_block_has_review":false},"yoast_head":"<!-- This site is optimized with the Yoast SEO plugin v19.10 - https:\/\/yoast.com\/wordpress\/plugins\/seo\/ -->\n<title>Familiengesetz - Eleni Lioli Law Office<\/title>\n<meta name=\"description\" content=\"Unsere Kanzlei deckt das gesamte Spektrum des griechischen Familienrechts ab. Vertrauen Sie uns Ihre Familienangelegenheiten an.\" \/>\n<meta name=\"robots\" content=\"index, follow, max-snippet:-1, max-image-preview:large, max-video-preview:-1\" \/>\n<link rel=\"canonical\" href=\"https:\/\/elenilioli.com\/de\/familiengesetz\/\" \/>\n<meta property=\"og:locale\" content=\"de_DE\" \/>\n<meta property=\"og:type\" content=\"article\" \/>\n<meta property=\"og:title\" content=\"Familiengesetz - Eleni Lioli Law Office\" \/>\n<meta property=\"og:description\" content=\"Unsere Kanzlei deckt das gesamte Spektrum des griechischen Familienrechts ab. Vertrauen Sie uns Ihre Familienangelegenheiten an.\" \/>\n<meta property=\"og:url\" content=\"https:\/\/elenilioli.com\/de\/familiengesetz\/\" \/>\n<meta property=\"og:site_name\" content=\"Eleni Lioli Law Office\" \/>\n<meta property=\"article:modified_time\" content=\"2022-01-19T13:06:33+00:00\" \/>\n<meta property=\"og:image\" content=\"http:\/\/elenilioli.com\/wp-content\/uploads\/2021\/12\/gabrielle-henderson-HJckKnwCXxQ-unsplash-scaled.jpg\" \/>\n<meta name=\"twitter:card\" content=\"summary_large_image\" \/>\n<meta name=\"twitter:label1\" content=\"Gesch\u00e4tzte Lesezeit\" \/>\n\t<meta name=\"twitter:data1\" content=\"2 Minuten\" \/>\n<script type=\"application\/ld+json\" class=\"yoast-schema-graph\">{\"@context\":\"https:\/\/schema.org\",\"@graph\":[{\"@type\":\"WebPage\",\"@id\":\"https:\/\/elenilioli.com\/de\/familiengesetz\/\",\"url\":\"https:\/\/elenilioli.com\/de\/familiengesetz\/\",\"name\":\"Familiengesetz - Eleni Lioli Law Office\",\"isPartOf\":{\"@id\":\"https:\/\/elenilioli.com\/de\/#website\"},\"datePublished\":\"2022-01-19T13:06:31+00:00\",\"dateModified\":\"2022-01-19T13:06:33+00:00\",\"description\":\"Unsere Kanzlei deckt das gesamte Spektrum des griechischen Familienrechts ab. Vertrauen Sie uns Ihre Familienangelegenheiten an.\",\"breadcrumb\":{\"@id\":\"https:\/\/elenilioli.com\/de\/familiengesetz\/#breadcrumb\"},\"inLanguage\":\"de-DE\",\"potentialAction\":[{\"@type\":\"ReadAction\",\"target\":[\"https:\/\/elenilioli.com\/de\/familiengesetz\/\"]}]},{\"@type\":\"BreadcrumbList\",\"@id\":\"https:\/\/elenilioli.com\/de\/familiengesetz\/#breadcrumb\",\"itemListElement\":[{\"@type\":\"ListItem\",\"position\":1,\"name\":\"Home\",\"item\":\"https:\/\/elenilioli.com\/de\/\"},{\"@type\":\"ListItem\",\"position\":2,\"name\":\"Familiengesetz\"}]},{\"@type\":\"WebSite\",\"@id\":\"https:\/\/elenilioli.com\/de\/#website\",\"url\":\"https:\/\/elenilioli.com\/de\/\",\"name\":\"Eleni Lioli Law Office\",\"description\":\"Lawyer in Heraklion\",\"publisher\":{\"@id\":\"https:\/\/elenilioli.com\/de\/#organization\"},\"potentialAction\":[{\"@type\":\"SearchAction\",\"target\":{\"@type\":\"EntryPoint\",\"urlTemplate\":\"https:\/\/elenilioli.com\/de\/?s={search_term_string}\"},\"query-input\":\"required name=search_term_string\"}],\"inLanguage\":\"de-DE\"},{\"@type\":\"Organization\",\"@id\":\"https:\/\/elenilioli.com\/de\/#organization\",\"name\":\"Eleni Lioli Law Office\",\"url\":\"https:\/\/elenilioli.com\/de\/\",\"logo\":{\"@type\":\"ImageObject\",\"inLanguage\":\"de-DE\",\"@id\":\"https:\/\/elenilioli.com\/de\/#\/schema\/logo\/image\/\",\"url\":\"http:\/\/elenilioli.com\/wp-content\/uploads\/2021\/11\/EL-Logo-1-min.png\",\"contentUrl\":\"http:\/\/elenilioli.com\/wp-content\/uploads\/2021\/11\/EL-Logo-1-min.png\",\"width\":500,\"height\":500,\"caption\":\"Eleni Lioli Law Office\"},\"image\":{\"@id\":\"https:\/\/elenilioli.com\/de\/#\/schema\/logo\/image\/\"}}]}<\/script>\n<!-- \/ Yoast SEO plugin. -->","yoast_head_json":{"title":"Familiengesetz - Eleni Lioli Law Office","description":"Unsere Kanzlei deckt das gesamte Spektrum des griechischen Familienrechts ab. Vertrauen Sie uns Ihre Familienangelegenheiten an.","robots":{"index":"index","follow":"follow","max-snippet":"max-snippet:-1","max-image-preview":"max-image-preview:large","max-video-preview":"max-video-preview:-1"},"canonical":"https:\/\/elenilioli.com\/de\/familiengesetz\/","og_locale":"de_DE","og_type":"article","og_title":"Familiengesetz - Eleni Lioli Law Office","og_description":"Unsere Kanzlei deckt das gesamte Spektrum des griechischen Familienrechts ab. Vertrauen Sie uns Ihre Familienangelegenheiten an.","og_url":"https:\/\/elenilioli.com\/de\/familiengesetz\/","og_site_name":"Eleni Lioli Law Office","article_modified_time":"2022-01-19T13:06:33+00:00","og_image":[{"url":"http:\/\/elenilioli.com\/wp-content\/uploads\/2021\/12\/gabrielle-henderson-HJckKnwCXxQ-unsplash-scaled.jpg"}],"twitter_card":"summary_large_image","twitter_misc":{"Gesch\u00e4tzte Lesezeit":"2 Minuten"},"schema":{"@context":"https:\/\/schema.org","@graph":[{"@type":"WebPage","@id":"https:\/\/elenilioli.com\/de\/familiengesetz\/","url":"https:\/\/elenilioli.com\/de\/familiengesetz\/","name":"Familiengesetz - Eleni Lioli Law Office","isPartOf":{"@id":"https:\/\/elenilioli.com\/de\/#website"},"datePublished":"2022-01-19T13:06:31+00:00","dateModified":"2022-01-19T13:06:33+00:00","description":"Unsere Kanzlei deckt das gesamte Spektrum des griechischen Familienrechts ab. Vertrauen Sie uns Ihre Familienangelegenheiten an.","breadcrumb":{"@id":"https:\/\/elenilioli.com\/de\/familiengesetz\/#breadcrumb"},"inLanguage":"de-DE","potentialAction":[{"@type":"ReadAction","target":["https:\/\/elenilioli.com\/de\/familiengesetz\/"]}]},{"@type":"BreadcrumbList","@id":"https:\/\/elenilioli.com\/de\/familiengesetz\/#breadcrumb","itemListElement":[{"@type":"ListItem","position":1,"name":"Home","item":"https:\/\/elenilioli.com\/de\/"},{"@type":"ListItem","position":2,"name":"Familiengesetz"}]},{"@type":"WebSite","@id":"https:\/\/elenilioli.com\/de\/#website","url":"https:\/\/elenilioli.com\/de\/","name":"Eleni Lioli Law Office","description":"Lawyer in Heraklion","publisher":{"@id":"https:\/\/elenilioli.com\/de\/#organization"},"potentialAction":[{"@type":"SearchAction","target":{"@type":"EntryPoint","urlTemplate":"https:\/\/elenilioli.com\/de\/?s={search_term_string}"},"query-input":"required name=search_term_string"}],"inLanguage":"de-DE"},{"@type":"Organization","@id":"https:\/\/elenilioli.com\/de\/#organization","name":"Eleni Lioli Law Office","url":"https:\/\/elenilioli.com\/de\/","logo":{"@type":"ImageObject","inLanguage":"de-DE","@id":"https:\/\/elenilioli.com\/de\/#\/schema\/logo\/image\/","url":"http:\/\/elenilioli.com\/wp-content\/uploads\/2021\/11\/EL-Logo-1-min.png","contentUrl":"http:\/\/elenilioli.com\/wp-content\/uploads\/2021\/11\/EL-Logo-1-min.png","width":500,"height":500,"caption":"Eleni Lioli Law Office"},"image":{"@id":"https:\/\/elenilioli.com\/de\/#\/schema\/logo\/image\/"}}]}},"_links":{"self":[{"href":"https:\/\/elenilioli.com\/de\/wp-json\/wp\/v2\/pages\/1869"}],"collection":[{"href":"https:\/\/elenilioli.com\/de\/wp-json\/wp\/v2\/pages"}],"about":[{"href":"https:\/\/elenilioli.com\/de\/wp-json\/wp\/v2\/types\/page"}],"author":[{"embeddable":true,"href":"https:\/\/elenilioli.com\/de\/wp-json\/wp\/v2\/users\/1"}],"replies":[{"embeddable":true,"href":"https:\/\/elenilioli.com\/de\/wp-json\/wp\/v2\/comments?post=1869"}],"version-history":[{"count":0,"href":"https:\/\/elenilioli.com\/de\/wp-json\/wp\/v2\/pages\/1869\/revisions"}],"wp:attachment":[{"href":"https:\/\/elenilioli.com\/de\/wp-json\/wp\/v2\/media?parent=1869"}],"curies":[{"name":"wp","href":"https:\/\/api.w.org\/{rel}","templated":true}]}}